{"id":3181,"date":"2021-07-26T08:40:34","date_gmt":"2021-07-26T07:40:34","guid":{"rendered":"http:\/\/interlinksngo.org\/donations\/"},"modified":"2023-07-10T13:16:30","modified_gmt":"2023-07-10T12:16:30","slug":"donations","status":"publish","type":"page","link":"https:\/\/interlinksngo.org\/ar\/donations\/","title":{"rendered":"\u062a\u0628\u0631\u0639"},"content":{"rendered":"\t\t<div data-elementor-type=\"wp-page\" data-elementor-id=\"3181\" class=\"elementor elementor-3181\" data-elementor-post-type=\"page\">\n\t\t\t\t\t\t<section class=\"elementor-section elementor-top-section elementor-element elementor-element-cfe41de elementor-section-height-min-height elementor-section-stretched elementor-section-boxed elementor-section-height-default elementor-section-items-middle xts-section-disabled\" data-id=\"cfe41de\" data-element_type=\"section\" data-settings=\"{&quot;background_background&quot;:&quot;classic&quot;,&quot;stretch_section&quot;:&quot;section-stretched&quot;,&quot;jet_parallax_layout_list&quot;:[]}\">\n\t\t\t\t\t\t\t<div class=\"elementor-background-overlay\"><\/div>\n\t\t\t\t\t\t\t<div class=\"elementor-container elementor-column-gap-default\">\n\t\t\t\t\t<div class=\"elementor-column elementor-col-100 elementor-top-column elementor-element elementor-element-10a4426\" data-id=\"10a4426\" data-element_type=\"column\">\n\t\t\t<div class=\"elementor-widget-wrap elementor-element-populated\">\n\t\t\t\t\t\t\t<\/div>\n\t\t<\/div>\n\t\t\t\t\t<\/div>\n\t\t<\/section>\n\t\t\t\t<section class=\"elementor-section elementor-top-section elementor-element elementor-element-0351b4e elementor-section-full_width elementor-section-height-default elementor-section-height-default xts-section-disabled\" data-id=\"0351b4e\" data-element_type=\"section\" data-settings=\"{&quot;jet_parallax_layout_list&quot;:[]}\">\n\t\t\t\t\t\t<div class=\"elementor-container elementor-column-gap-default\">\n\t\t\t\t\t<div class=\"elementor-column elementor-col-100 elementor-top-column elementor-element elementor-element-fe7f578\" data-id=\"fe7f578\" data-element_type=\"column\">\n\t\t\t<div class=\"elementor-widget-wrap\">\n\t\t\t\t\t\t\t<\/div>\n\t\t<\/div>\n\t\t\t\t\t<\/div>\n\t\t<\/section>\n\t\t\t\t<section class=\"elementor-section elementor-top-section elementor-element elementor-element-30ff5c5 elementor-section-boxed elementor-section-height-default elementor-section-height-default xts-section-disabled\" data-id=\"30ff5c5\" data-element_type=\"section\" data-settings=\"{&quot;jet_parallax_layout_list&quot;:[]}\">\n\t\t\t\t\t\t<div class=\"elementor-container elementor-column-gap-default\">\n\t\t\t\t\t<div class=\"elementor-column elementor-col-100 elementor-top-column elementor-element elementor-element-00fa859\" data-id=\"00fa859\" data-element_type=\"column\">\n\t\t\t<div class=\"elementor-widget-wrap elementor-element-populated\">\n\t\t\t\t\t\t<div class=\"elementor-element elementor-element-8801917 elementor-widget elementor-widget-jet-headline\" data-id=\"8801917\" data-element_type=\"widget\" data-widget_type=\"jet-headline.default\">\n\t\t\t\t<div class=\"elementor-widget-container\">\n\t\t\t<span class=\"jet-headline jet-headline--direction-horizontal\"><span class=\"jet-headline__part jet-headline__second\"><span class=\"jet-headline__label\">\u0634\u0631\u0643\u0627\u0624\u0646\u0627<\/span><\/span><\/span>\t\t<\/div>\n\t\t\t\t<\/div>\n\t\t\t\t<div class=\"elementor-element elementor-element-12359d3 elementor-widget elementor-widget-jet-headline\" data-id=\"12359d3\" data-element_type=\"widget\" data-widget_type=\"jet-headline.default\">\n\t\t\t\t<div class=\"elementor-widget-container\">\n\t\t\t<h2 class=\"jet-headline jet-headline--direction-horizontal\"><span class=\"jet-headline__part jet-headline__first\"><span class=\"jet-headline__deco jet-headline__deco-icon\"><svg xmlns=\"http:\/\/www.w3.org\/2000\/svg\" id=\"Layer_1\" data-name=\"Layer 1\" viewBox=\"0 0 110.37 100.42\"><defs><style>.cls-1{fill:#e1251b;}.cls-2{fill:#3d4543;}<\/style><\/defs><path class=\"cls-1\" d=\"M108.9,100.2c14.5-4.6,21.3-19.2,22.5-22.1a6.12,6.12,0,0,0,.5-1.2c4.1-8.7,4.5-22.8,3.9-28.8a46.81,46.81,0,0,0-1.2-6.4c-5.9-22.1-22.9-24.6-30-24.6h-1.9c-1,0-2.2.1-3.6.2-.4,0-.8.1-1.2.1s-.9.1-1.4.2a7.84,7.84,0,0,1-1.4.2c-.2,0-.4.1-.6.1-.4.1-.8.2-1.1.3a29.92,29.92,0,0,0-3.2,1h-.1C74.5,25,72.7,40.9,72.7,40.9,65.9,75.7,85,85.2,85,85.2c-4.5.7-10.3-1.4-10.3-1.4-6.9-2.9-11-8.6-13.5-13.8a39.51,39.51,0,0,1-3.8-15.9C55.2-4.2,108.1,2.8,108.9,2.8c38,3.7,40.6,33.9,40.8,41.8,0,1.4.1,2.8.2,4.2C153.8,102.3,108.9,100.2,108.9,100.2Z\" transform=\"translate(-39.77 -2.54)\"><\/path><path class=\"cls-2\" d=\"M81,5.1C66.5,9.7,59.7,24.3,58.5,27.2a6.12,6.12,0,0,0-.5,1.2c-4.1,8.7-4.5,22.8-3.9,28.8a46.81,46.81,0,0,0,1.2,6.4c5.9,22.1,22.9,24.6,30,24.6h1.9c1,0,2.2-.1,3.6-.2.4,0,.8-.1,1.2-.1s.9-.1,1.4-.2a7.84,7.84,0,0,1,1.4-.2c.2,0,.4-.1.6-.1.4-.1.8-.2,1.1-.3a29.92,29.92,0,0,0,3.2-1h.1c15.6-5.8,17.4-21.7,17.4-21.7,6.8-34.6-12.3-44.1-12.3-44.1,4.5-.7,10.3,1.4,10.3,1.4,6.9,2.9,11,8.6,13.5,13.8a39.51,39.51,0,0,1,3.8,15.9c2.2,58.3-50.7,51.3-51.5,51.3C43,99,40.4,68.8,40.2,60.9c0-1.4-.1-2.8-.2-4.2C36.2,3.1,81,5.1,81,5.1Z\" transform=\"translate(-39.77 -2.54)\"><\/path><\/svg><\/span><span class=\"jet-headline__label\">\u0634\u0643\u0631\u0627 \u0639\u0644\u0649 \u062f\u0639\u0645\u0646\u0627.<\/span><\/span><span class=\"jet-headline__space\">&nbsp;<\/span><\/h2>\t\t<\/div>\n\t\t\t\t<\/div>\n\t\t\t\t<div class=\"elementor-element elementor-element-1c7c790 elementor-widget elementor-widget-jet-carousel\" data-id=\"1c7c790\" data-element_type=\"widget\" data-settings=\"{&quot;slides_to_show&quot;:&quot;6&quot;,&quot;slides_to_scroll&quot;:&quot;1&quot;}\" data-widget_type=\"jet-carousel.default\">\n\t\t\t\t<div class=\"elementor-widget-container\">\n\t\t\t<div class=\"elementor-jet-carousel jet-elements\"><div class=\"jet-carousel-wrap jet-equal-cols\">\n\t<div class=\"jet-carousel\" data-slider_options=\"{&quot;autoplaySpeed&quot;:5000,&quot;autoplay&quot;:true,&quot;infinite&quot;:true,&quot;centerMode&quot;:false,&quot;centerPadding&quot;:&quot;50px&quot;,&quot;pauseOnHover&quot;:false,&quot;speed&quot;:500,&quot;arrows&quot;:true,&quot;dots&quot;:false,&quot;variableWidth&quot;:false,&quot;prevArrow&quot;:&quot;.jet-carousel__prev-arrow-1c7c790&quot;,&quot;nextArrow&quot;:&quot;.jet-carousel__next-arrow-1c7c790&quot;,&quot;rtl&quot;:true,&quot;fractionNav&quot;:false}\" dir=\"rtl\">\n\t<div class=\"elementor-slick-slider\">\n\n<div class=\"jet-carousel__item\">\n\t<div class=\"jet-carousel__item-inner\"><a href=\"#\" class=\"jet-carousel__item-link\" ><img decoding=\"async\" src=\"https:\/\/interlinksngo.org\/wp-content\/uploads\/2023\/07\/ideaa-pfm8n23bfp0kcs71uh6sa9eaphrfsabwkhndkd37to.png\" class=\"jet-carousel__item-img\" alt=\"\" loading=\"lazy\"><\/a><div class=\"jet-carousel__content\"><h5 class=\"jet-carousel__item-title\">Item #1<\/h5><\/div><\/div>\n<\/div>\n\n<div class=\"jet-carousel__item\">\n\t<div class=\"jet-carousel__item-inner\"><a href=\"#\" class=\"jet-carousel__item-link\" ><img decoding=\"async\" src=\"https:\/\/interlinksngo.org\/wp-content\/uploads\/2023\/07\/earth-pfm8mybyocvf2ccigfka0acgby9yxhwz7z1fn98sik.png\" class=\"jet-carousel__item-img\" alt=\"\" loading=\"lazy\"><\/a><div class=\"jet-carousel__content\"><h5 class=\"jet-carousel__item-title\">Item #1<\/h5><\/div><\/div>\n<\/div>\n\n<div class=\"jet-carousel__item\">\n\t<div class=\"jet-carousel__item-inner\"><a href=\"#\" class=\"jet-carousel__item-link\" ><img decoding=\"async\" src=\"https:\/\/interlinksngo.org\/wp-content\/uploads\/2023\/07\/atica-pfm8mwgaaosuf4f8rer0vatj56j8i3pijpqgopbkv0.png\" class=\"jet-carousel__item-img\" alt=\"\" loading=\"lazy\"><\/a><div class=\"jet-carousel__content\"><h5 class=\"jet-carousel__item-title\">Item #1<\/h5><\/div><\/div>\n<\/div>\n\n<div class=\"jet-carousel__item\">\n\t<div class=\"jet-carousel__item-inner\"><a href=\"#\" class=\"jet-carousel__item-link\" ><img decoding=\"async\" src=\"https:\/\/interlinksngo.org\/wp-content\/uploads\/2023\/07\/tvit-pfm8n9m0ydauxnw4mkfsu7hzgkqdhv5r9iv9eks2fw.png\" class=\"jet-carousel__item-img\" alt=\"\" loading=\"lazy\"><\/a><div class=\"jet-carousel__content\"><h5 class=\"jet-carousel__item-title\">Item #1<\/h5><\/div><\/div>\n<\/div>\n\n<div class=\"jet-carousel__item\">\n\t<div class=\"jet-carousel__item-inner\"><a href=\"#\" class=\"jet-carousel__item-link\" ><img decoding=\"async\" src=\"https:\/\/interlinksngo.org\/wp-content\/uploads\/2023\/07\/towers-pfm8n5uo715pn81l8itak8g5318wn2qtx09bhgxn4s.png\" class=\"jet-carousel__item-img\" alt=\"\" loading=\"lazy\"><\/a><div class=\"jet-carousel__content\"><h5 class=\"jet-carousel__item-title\">Item #1<\/h5><\/div><\/div>\n<\/div>\n\n<div class=\"jet-carousel__item\">\n\t<div class=\"jet-carousel__item-inner\"><a href=\"#\" class=\"jet-carousel__item-link\" ><img decoding=\"async\" src=\"https:\/\/interlinksngo.org\/wp-content\/uploads\/2023\/07\/treva-pfm8n7qckp8aafyuxjmjp7z29szn2gyal9kag0uusc.png\" class=\"jet-carousel__item-img\" alt=\"\" loading=\"lazy\"><\/a><div class=\"jet-carousel__content\"><h5 class=\"jet-carousel__item-title\">Item #1<\/h5><\/div><\/div>\n<\/div>\n\n<div class=\"jet-carousel__item\">\n\t<div class=\"jet-carousel__item-inner\"><a href=\"#\" class=\"jet-carousel__item-link\" ><img decoding=\"async\" src=\"https:\/\/interlinksngo.org\/wp-content\/uploads\/2023\/07\/volicity-9-pfm8najv57c599urh2ufep9g1ylqpk9hlniqvuqo9o.png\" class=\"jet-carousel__item-img\" alt=\"\" loading=\"lazy\"><\/a><div class=\"jet-carousel__content\"><h5 class=\"jet-carousel__item-title\">Item #1<\/h5><\/div><\/div>\n<\/div>\n\n<div class=\"jet-carousel__item\">\n\t<div class=\"jet-carousel__item-inner\"><a href=\"#\" class=\"jet-carousel__item-link\" ><img decoding=\"async\" src=\"https:\/\/interlinksngo.org\/wp-content\/uploads\/2023\/07\/fox-hub-pfm8n07n20xzpk9s5gdj59vdiq0pcw4fw8celt6064.png\" class=\"jet-carousel__item-img\" alt=\"\" loading=\"lazy\"><\/a><div class=\"jet-carousel__content\"><h5 class=\"jet-carousel__item-title\">Item #1<\/h5><\/div><\/div>\n<\/div>\n<\/div><div class=\"jet-carousel__prev-arrow-1c7c790 jet-arrow prev-arrow\"><i aria-hidden=\"true\" class=\"fas fa-chevron-left\"><\/i><\/div><div class=\"jet-carousel__next-arrow-1c7c790 jet-arrow next-arrow\"><i aria-hidden=\"true\" class=\"fas fa-chevron-right\"><\/i><\/div><\/div>\n<\/div>\n<\/div>\t\t<\/div>\n\t\t\t\t<\/div>\n\t\t\t\t\t<\/div>\n\t\t<\/div>\n\t\t\t\t\t<\/div>\n\t\t<\/section>\n\t\t\t\t<\/div>\n\t\t","protected":false},"excerpt":{"rendered":"<p>Accueil &gt; 0% 0.000&nbsp;DT donated of 60,000.000&nbsp;DT goal Urgent Collecte de bo\u00eetes de lait infantile pour les b\u00e9b\u00e9s sans soutien familial Date: 26 juillet 2021 By: Interlinks 0% 0.000&nbsp;DT donated of 20,000.000&nbsp;DT goal Urgent Distribution de lunettes optiques pour enfants en situation de vuln\u00e9rabilit\u00e9 Date: 26 juillet 2021 By: Interlinks \u0634\u0631\u0643\u0627\u0624\u0646\u0627 \u0634\u0643\u0631\u0627 \u0639\u0644\u0649 \u062f\u0639\u0645\u0646\u0627.&nbsp; Item [&hellip;]<\/p>\n","protected":false},"author":1,"featured_media":0,"parent":0,"menu_order":56,"comment_status":"closed","ping_status":"closed","template":"tpl-default-elementor.php","meta":{"footnotes":""},"class_list":["post-3181","page","type-page","status-publish","hentry"],"_links":{"self":[{"href":"https:\/\/interlinksngo.org\/ar\/wp-json\/wp\/v2\/pages\/3181","targetHints":{"allow":["GET"]}}],"collection":[{"href":"https:\/\/interlinksngo.org\/ar\/wp-json\/wp\/v2\/pages"}],"about":[{"href":"https:\/\/interlinksngo.org\/ar\/wp-json\/wp\/v2\/types\/page"}],"author":[{"embeddable":true,"href":"https:\/\/interlinksngo.org\/ar\/wp-json\/wp\/v2\/users\/1"}],"replies":[{"embeddable":true,"href":"https:\/\/interlinksngo.org\/ar\/wp-json\/wp\/v2\/comments?post=3181"}],"version-history":[{"count":0,"href":"https:\/\/interlinksngo.org\/ar\/wp-json\/wp\/v2\/pages\/3181\/revisions"}],"wp:attachment":[{"href":"https:\/\/interlinksngo.org\/ar\/wp-json\/wp\/v2\/media?parent=3181"}],"curies":[{"name":"wp","href":"https:\/\/api.w.org\/{rel}","templated":true}]}}